{"id":24754,"date":"2016-05-24T12:33:51","date_gmt":"2016-05-24T12:33:51","guid":{"rendered":"https:\/\/www.msmetalagencybrasil.com\/ptbr\/?page_id=24754"},"modified":"2016-05-24T13:17:39","modified_gmt":"2016-05-24T13:17:39","slug":"artista-kosmus","status":"publish","type":"page","link":"https:\/\/www.msmetalagencybrasil.com\/ptbr\/artista-kosmus\/","title":{"rendered":"Artista Kosmus"},"content":{"rendered":"<p style=\"text-align: center;\"><img loading=\"lazy\" decoding=\"async\" class=\"size-full wp-image-24755 aligncenter\" title=\"kosmus pronto\" src=\"https:\/\/www.msmetalagencybrasil.com\/ptbr\/wp-content\/uploads\/2016\/05\/kosmus-pronto.jpg\" alt=\"\" width=\"800\" height=\"208\" srcset=\"https:\/\/www.msmetalagencybrasil.com\/ptbr\/wp-content\/uploads\/2016\/05\/kosmus-pronto.jpg 800w, https:\/\/www.msmetalagencybrasil.com\/ptbr\/wp-content\/uploads\/2016\/05\/kosmus-pronto-300x78.jpg 300w\" sizes=\"auto, (max-width: 800px) 100vw, 800px\" \/><\/p>\n<h2 style=\"text-align: center;\">KOSMUS (RIO DE JANEIRO &#8211; RIO DE JANEIRO &#8211; BRASIL)<\/h2>\n<p><span style=\"text-decoration: underline;\">BIOGRAFIA<\/span>:<\/p>\n<p>A <strong>KOSMUS<\/strong> come\u00e7ou como um projeto dos dois jovens cariocas Pedro Acker e Sebastian Viret. Amigos de inf\u00e2ncia, tocaram juntos em diversos projetos que tiveram e, em diversas oportunidades, mas decidiram fazer algo mais s\u00e9rio dessa vez: compor um CD de <em>Metal Progressivo<\/em> (g\u00eanero altamente apreciado por ambos), formar uma banda que topasse toc\u00e1-lo inicialmente e fazer <em>shows<\/em> profissionalmente.<\/p>\n<p>Por um ano (2013 &#8211; 2014), o \u00e1lbum foi criado e incubado na casa do Pedro, onde se encontravam toda semana para compor minuciosamente o que viria a ser o CD de lan\u00e7amento da banda. Satisfeitos com os resultados e com as Demos prontas, procuraram m\u00fasicos de alt\u00edssima qualidade para reproduzirem suas cria\u00e7\u00f5es &#8211; tanto para grav\u00e1-las quantos para toc\u00e1-las ao vivo &#8211; e foi a\u00ed que Daniel Ohnesorge (baixo), Jo\u00e3o Carlos Cochlar (teclado), Guilherme Giglio (sax\/flauta) e Ronilson Filho (bateria) entraram na jogada.<\/p>\n<p>Todos gostaram da proposta, acreditaram no projeto e vestiram a camisa &#8211; e todos excelentes m\u00fasicos. Come\u00e7aram os ensaios voltados para a grava\u00e7\u00e3o do CD (in\u00edcio de 2015), que duraram um bom tempo (gra\u00e7as \u00e0 dificuldade t\u00e9cnica das m\u00fasicas e ao alto n\u00edvel de exig\u00eancia por parte de todos) e culminaram no processo de grava\u00e7\u00e3o, iniciado oficialmente em agosto de 2015, com a bateria e o baixo sendo gravados simultaneamente no est\u00fadio <span style=\"text-decoration: underline;\">Artista 70<\/span> com a ajuda do Marcelo Oiticica (dono do est\u00fadio). Ainda no mesmo m\u00eas, a banda correu para fazer seu<em> show<\/em> de lan\u00e7amento antes do Ronilson partir a interc\u00e2mbio de um ano para a Su\u00e9cia para aprofundar seus estudos na bateria &#8211; na mesma \u00e9poca em que Jo\u00e3o Carlos se afastou por ambos os lados concordarem que era o melhor a se fazer.<\/p>\n<p>A <strong>KOSMUS<\/strong> seguiu \u00e0 procura por novos baterista e tecladista e, ap\u00f3s alguns meses, juntaram-se \u00e0 viagem o baterista Leonardo Santiago e o tecladista Felipe Novellino. Depois<br \/>\nde mais alguns meses de ensaios, a banda volta a fazer <em>shows<\/em> (in\u00edcio de 2016) e, paralelamente, chega ao final da produ\u00e7\u00e3o do seu disco hom\u00f4nimo de estreia, lan\u00e7ado no dia 12 de maio de 2016 em formato digital, com lan\u00e7amento f\u00edsico confirmado pela <span style=\"text-decoration: underline;\">MS Metal Records<\/span>.<\/p>\n<p><span style=\"text-decoration: underline;\">V\u00cdDEO PROMOCIONAL<\/span>:<\/p>\n<p><iframe loading=\"lazy\" title=\"Kosmus - Nightfall\" width=\"500\" height=\"281\" src=\"https:\/\/www.youtube.com\/embed\/fc0Lwc3Z6QQ?feature=oembed\" frameborder=\"0\" allow=\"accelerometer; autoplay; clipboard-write; encrypted-media; gyroscope; picture-in-picture; web-share\" referrerpolicy=\"strict-origin-when-cross-origin\" allowfullscreen><\/iframe><\/p>\n<p>Legenda: \u201cNightfall\u201d \u2013 V\u00eddeo Oficial<\/p>\n<p><iframe loading=\"lazy\" title=\"Kosmus - Kosmus\" width=\"500\" height=\"281\" src=\"https:\/\/www.youtube.com\/embed\/6YZEOAFCfLc?feature=oembed\" frameborder=\"0\" allow=\"accelerometer; autoplay; clipboard-write; encrypted-media; gyroscope; picture-in-picture; web-share\" referrerpolicy=\"strict-origin-when-cross-origin\" allowfullscreen><\/iframe><\/p>\n<p>Legenda: \u201cKosmus\u201d \u2013 V\u00eddeo Oficial<\/p>\n<p><span style=\"text-decoration: underline;\">FORMA\u00c7\u00c3O ATUAL<\/span>:<\/p>\n<p>Pedro Acker (vocalista e guitarrista)<br \/>\nSebastian Viret (guitarrista)<br \/>\nDaniel Ohnesorge (baixista)<br \/>\nLeonardo Santiago (baterista)<br \/>\nFelipe Novellino (tecladista)<br \/>\nGuilherme Giglio (flautista e saxofonista)<\/p>\n<p><span style=\"text-decoration: underline;\">LINKS RELACIONADOS<\/span>:<\/p>\n<p><a href=\"http:\/\/www.bandakosmus.com.br\/\" target=\"_blank\">Website<\/a><br \/>\nMyspace<br \/>\n<a href=\"http:\/\/www.facebook.com\/kosmusbandofficial\/?fref=ts\" target=\"_blank\">Facebook<\/a><br \/>\n<a href=\"http:\/\/www.youtube.com\/channel\/UCmXGU5ViYhWVGatm9KBm3eg\" target=\"_blank\">YouTube<\/a><br \/>\n<a href=\"http:\/\/soundcloud.com\/kosmus-band\/\" target=\"_blank\">Soundcloud<\/a><\/p>\n<p><span style=\"text-decoration: underline;\">DISCOGRAFIA<\/span>:<\/p>\n<p>Kosmus (CD, 2016)<\/p>\n<p>Solicite o press kit completo desse artista atrav\u00e9s do e-mail: <span style=\"text-decoration: underline;\"><a href=\"mailto:contato@msmetalagencybrasil.com\">contato@msmetalagencybrasil.com<\/a><\/span><\/p>\n","protected":false},"excerpt":{"rendered":"<p>KOSMUS (RIO DE JANEIRO &#8211; RIO DE JANEIRO &#8211; BRASIL) BIOGRAFIA: A KOSMUS come\u00e7ou como um projeto dos dois jovens cariocas Pedro Acker e Sebastian Viret. Amigos de inf\u00e2ncia, tocaram juntos em diversos projetos que tiveram e, em diversas oportunidades, mas decidiram fazer algo mais s\u00e9rio dessa vez: compor um CD de Metal Progressivo (g\u00eanero [&hellip;]<\/p>\n","protected":false},"author":1,"featured_media":0,"parent":0,"menu_order":0,"comment_status":"closed","ping_status":"closed","template":"","meta":{"footnotes":""},"class_list":["post-24754","page","type-page","status-publish","hentry"],"_links":{"self":[{"href":"https:\/\/www.msmetalagencybrasil.com\/ptbr\/wp-json\/wp\/v2\/pages\/24754","targetHints":{"allow":["GET"]}}],"collection":[{"href":"https:\/\/www.msmetalagencybrasil.com\/ptbr\/wp-json\/wp\/v2\/pages"}],"about":[{"href":"https:\/\/www.msmetalagencybrasil.com\/ptbr\/wp-json\/wp\/v2\/types\/page"}],"author":[{"embeddable":true,"href":"https:\/\/www.msmetalagencybrasil.com\/ptbr\/wp-json\/wp\/v2\/users\/1"}],"replies":[{"embeddable":true,"href":"https:\/\/www.msmetalagencybrasil.com\/ptbr\/wp-json\/wp\/v2\/comments?post=24754"}],"version-history":[{"count":5,"href":"https:\/\/www.msmetalagencybrasil.com\/ptbr\/wp-json\/wp\/v2\/pages\/24754\/revisions"}],"predecessor-version":[{"id":24764,"href":"https:\/\/www.msmetalagencybrasil.com\/ptbr\/wp-json\/wp\/v2\/pages\/24754\/revisions\/24764"}],"wp:attachment":[{"href":"https:\/\/www.msmetalagencybrasil.com\/ptbr\/wp-json\/wp\/v2\/media?parent=24754"}],"curies":[{"name":"wp","href":"https:\/\/api.w.org\/{rel}","templated":true}]}}