{"id":27273,"date":"2016-12-21T18:18:50","date_gmt":"2016-12-21T18:18:50","guid":{"rendered":"https:\/\/www.msmetalagencybrasil.com\/ptbr\/?page_id=27273"},"modified":"2016-12-28T05:06:52","modified_gmt":"2016-12-28T05:06:52","slug":"artista-dymons","status":"publish","type":"page","link":"https:\/\/www.msmetalagencybrasil.com\/ptbr\/artista-dymons\/","title":{"rendered":"Artista Dymon&#8217;s"},"content":{"rendered":"<h2 style=\"text-align: center;\"><img loading=\"lazy\" decoding=\"async\" class=\"size-full wp-image-27274 aligncenter\" title=\"dymons pronto\" src=\"https:\/\/www.msmetalagencybrasil.com\/ptbr\/wp-content\/uploads\/2016\/12\/dymons-pronto.jpg\" alt=\"\" width=\"800\" height=\"208\" srcset=\"https:\/\/www.msmetalagencybrasil.com\/ptbr\/wp-content\/uploads\/2016\/12\/dymons-pronto.jpg 800w, https:\/\/www.msmetalagencybrasil.com\/ptbr\/wp-content\/uploads\/2016\/12\/dymons-pronto-300x78.jpg 300w\" sizes=\"auto, (max-width: 800px) 100vw, 800px\" \/><\/h2>\n<h2 style=\"text-align: center;\">DYMON&#8217;S (CACHOEIRA DE MINAS &#8211; MINAS GERAIS &#8211; BRASIL)<\/h2>\n<p><span style=\"text-decoration: underline;\">BIOGRAFIA<\/span>:<\/p>\n<p><strong>DYMON&#8217;S<\/strong> \u00e9 uma banda de <em>Thrash Metal<\/em> que surgiu na d\u00e9cada de 90, formada pelos amigos de inf\u00e2ncia M\u00e1rio Machado \u2013 Guitarra, Eder Lelis \u2013 Vocal, Pedro Silva \u2013 Baixo.<\/p>\n<p>No in\u00edcio era simplesmente fazer um som e acabou virando um sonho. A coisa come\u00e7a a fazer sentido em 2005, quando fizeram sua primeira composi\u00e7\u00e3o pr\u00f3pria, despertando interesse em investir em repert\u00f3rio autoral e mantendo o estilo independente.<\/p>\n<p>Em 2008 a banda sai da garagem abrindo agenda para apresenta\u00e7\u00f5es, com m\u00fasicas pr\u00f3prias em seu repert\u00f3rio, tendo aprova\u00e7\u00e3o dos <em>headbangers<\/em>, destacando os cl\u00e1ssicos <em>&#8220;Na\u00e7\u00e3o&#8221;<\/em> e <em>&#8220;Dist\u00farbio Cerebral&#8221;<\/em>.<\/p>\n<p>Em 2012 passaram por uma reestrutura\u00e7\u00e3o bem sucedida, completando o time com o baterista Cesar Pereira. Com muita dedica\u00e7\u00e3o e novas composi\u00e7\u00f5es o repert\u00f3rio toma consist\u00eancia lan\u00e7ando o primeiro EP \u2013 <em>\u201cConfronto Com A Morte\u201d<\/em>, com as faixas: <em>\u201cConfronto com a Morte\u201d, \u201cHolocauto\u201d, \u201cFlagelados do Sistema\u201d<\/em> e <em>\u201cDrogas\u201d<\/em>. O material foi lan\u00e7ado em agosto de 2013, junto com a <em>tour Morte na Estrada<\/em>.<\/p>\n<p>O ano de 2014 \u00e9 marcado por grandes apresenta\u00e7\u00f5es e a composi\u00e7\u00e3o de um trabalho novo e totalmente diferenciado, do que a banda j\u00e1 tinha feito at\u00e9 ent\u00e3o, usando toda experi\u00eancia adquirida em palcos e na estrada.<\/p>\n<p>2015 foi marcado pelos trabalhos de grava\u00e7\u00e3o, mixagem e masteriza\u00e7\u00e3o do primeiro seu \u00e1lbum, intitulado &#8220;Destruidor Cannibal&#8221; profissional, previsto o lan\u00e7amento para primeiro semestre de 2017, atrav\u00e9s da <span style=\"text-decoration: underline;\">MS Metal Records<\/span> no Brasil.<\/p>\n<p><span style=\"text-decoration: underline;\">V\u00cdDEO PROMOCIONAL<\/span>:<\/p>\n<p><iframe loading=\"lazy\" title=\"Destruidor Cannibal - Destruidor Cannibal - Dymon&#039;s\" width=\"500\" height=\"281\" src=\"https:\/\/www.youtube.com\/embed\/J6eJk8ecpa0?feature=oembed\" frameborder=\"0\" allow=\"accelerometer; autoplay; clipboard-write; encrypted-media; gyroscope; picture-in-picture; web-share\" referrerpolicy=\"strict-origin-when-cross-origin\" allowfullscreen><\/iframe><\/p>\n<p>Legenda: \u201cDestruidor Cannibal\u201d \u2013 V\u00eddeo Oficial<\/p>\n<p><a href=\"http:\/\/www.youtube.com\/watch?v=SM6BryPsKgQ\" rel=\"nofollow\">http:\/\/www.youtube.com\/watch?v=SM6BryPsKgQ<\/a><\/p>\n<p>Legenda: \u201cDrogas\u201d \u2013 V\u00eddeo Oficial<\/p>\n<p><span style=\"text-decoration: underline;\">FORMA\u00c7\u00c3O ATUAL<\/span>:<\/p>\n<p>Eder Lelis (vocalista)<br \/>\nM\u00e1rio Machado (guitarrista)<br \/>\nPedro Silva (baixista)<br \/>\nCesar Pereira (baterista)<\/p>\n<p><span style=\"text-decoration: underline;\">LINKS RELACIONADOS<\/span>:<\/p>\n<p><a href=\"http:\/\/www.dymons.com.br\" target=\"_blank\">Website<\/a><br \/>\n<a href=\"http:\/\/www.facebook.com\/dymonsthrash\/\" target=\"_blank\">Facebook<\/a><br \/>\n<a href=\"http:\/\/www.youtube.com\/channel\/UC7rpamKvv5d1UqlFBtVwjBg\" target=\"_blank\">YouTube<\/a><br \/>\n<a href=\"http:\/\/www.soundcloud.com\/dymons\" target=\"_blank\">Soundcloud<\/a><\/p>\n<p><span style=\"text-decoration: underline;\">DISCOGRAFIA<\/span>:<\/p>\n<p>Confronto Com A Morte (EP, 2013)<br \/>\nDestruidor Cannibal (CD, 2017)<\/p>\n<p>Solicite o press kit completo desse artista atrav\u00e9s do e-mail: <span style=\"text-decoration: underline;\"><a href=\"mailto:contato@msmetalagencybrasil.com\">contato@msmetalagencybrasil.com<\/a><\/span>.<\/p>\n<p>&nbsp;<\/p>\n","protected":false},"excerpt":{"rendered":"<p>DYMON&#8217;S (CACHOEIRA DE MINAS &#8211; MINAS GERAIS &#8211; BRASIL) BIOGRAFIA: DYMON&#8217;S \u00e9 uma banda de Thrash Metal que surgiu na d\u00e9cada de 90, formada pelos amigos de inf\u00e2ncia M\u00e1rio Machado \u2013 Guitarra, Eder Lelis \u2013 Vocal, Pedro Silva \u2013 Baixo. No in\u00edcio era simplesmente fazer um som e acabou virando um sonho. A coisa come\u00e7a [&hellip;]<\/p>\n","protected":false},"author":1,"featured_media":0,"parent":0,"menu_order":0,"comment_status":"closed","ping_status":"closed","template":"","meta":{"footnotes":""},"class_list":["post-27273","page","type-page","status-publish","hentry"],"_links":{"self":[{"href":"https:\/\/www.msmetalagencybrasil.com\/ptbr\/wp-json\/wp\/v2\/pages\/27273","targetHints":{"allow":["GET"]}}],"collection":[{"href":"https:\/\/www.msmetalagencybrasil.com\/ptbr\/wp-json\/wp\/v2\/pages"}],"about":[{"href":"https:\/\/www.msmetalagencybrasil.com\/ptbr\/wp-json\/wp\/v2\/types\/page"}],"author":[{"embeddable":true,"href":"https:\/\/www.msmetalagencybrasil.com\/ptbr\/wp-json\/wp\/v2\/users\/1"}],"replies":[{"embeddable":true,"href":"https:\/\/www.msmetalagencybrasil.com\/ptbr\/wp-json\/wp\/v2\/comments?post=27273"}],"version-history":[{"count":5,"href":"https:\/\/www.msmetalagencybrasil.com\/ptbr\/wp-json\/wp\/v2\/pages\/27273\/revisions"}],"predecessor-version":[{"id":27353,"href":"https:\/\/www.msmetalagencybrasil.com\/ptbr\/wp-json\/wp\/v2\/pages\/27273\/revisions\/27353"}],"wp:attachment":[{"href":"https:\/\/www.msmetalagencybrasil.com\/ptbr\/wp-json\/wp\/v2\/media?parent=27273"}],"curies":[{"name":"wp","href":"https:\/\/api.w.org\/{rel}","templated":true}]}}