{"id":34,"date":"2011-09-28T12:16:21","date_gmt":"2011-09-28T12:16:21","guid":{"rendered":"http:\/\/msmetalpress.com\/ptbr\/?page_id=34"},"modified":"2022-05-21T03:34:08","modified_gmt":"2022-05-21T03:34:08","slug":"contato","status":"publish","type":"page","link":"https:\/\/www.msmetalagencybrasil.com\/ptbr\/contato\/","title":{"rendered":"Contato"},"content":{"rendered":"<h1>Contato<\/h1>\n<p style=\"text-align: center;\"><img loading=\"lazy\" decoding=\"async\" class=\"aligncenter size-full wp-image-14362\" title=\"MsMetalAgency-Logo\" src=\"https:\/\/www.msmetalagencybrasil.com\/ptbr\/wp-content\/uploads\/2015\/01\/MsMetalAgency-Logo1.png\" alt=\"\" width=\"701\" height=\"144\" srcset=\"https:\/\/www.msmetalagencybrasil.com\/ptbr\/wp-content\/uploads\/2015\/01\/MsMetalAgency-Logo1.png 1001w, https:\/\/www.msmetalagencybrasil.com\/ptbr\/wp-content\/uploads\/2015\/01\/MsMetalAgency-Logo1-300x61.png 300w\" sizes=\"auto, (max-width: 701px) 100vw, 701px\" \/><\/p>\n<p>&nbsp;<\/p>\n<h2 align=\"center\">NOVA ORGANIZA\u00c7\u00c3O PARA UM MELHOR ATENDIMENTO<\/h2>\n<p>A <strong>MS Metal Angency Brasil<\/strong> cresceu muito com o passar dos anos e, para uma melhor forma de organizar os seus trabalhos e servi\u00e7os oferecidos, segmentou os seus contatos, direcionando-os aos respectivos respons\u00e1veis, por cada um dos oito setores que comp\u00f5em a empresa atualmente.<\/p>\n<p style=\"text-align: center;\" align=\"center\"><span style=\"text-decoration: underline;\">SETOR PESSOAL E CONSULTORIA<\/span><\/p>\n<p>Este setor tem como objetivo auxiliar os clientes, durante o processo de gerenciamento de carreira proposto pela empresa, introduzindo a metodologia de trabalho empregada, al\u00e9m de sanar toda e qualquer d\u00favida, quando assim se tornar presente.<\/p>\n<p>E-mails: <span style=\"text-decoration: underline;\"><a href=\"mailto:eduardo@msmetalpress.com\">eduardo@msmetalagencybrasil.com<\/a><\/span> e\/ou <span style=\"text-decoration: underline;\"><a href=\"mailto:anderson@msmetalpress.com\">anderson@msmetalagencybrasil.com<\/a><\/span><\/p>\n<p style=\"text-align: center;\" align=\"center\"><span style=\"text-decoration: underline;\">SETOR DE PRODU\u00c7\u00c3O FONOGR\u00c1FICA (SELOS)<\/span><\/p>\n<p>Este setor \u00e9 respons\u00e1vel por todo e qualquer assunto ligado \u00e0 prensagem de material f\u00edsico e registro de propriedade intelectual.<\/p>\n<p>E-mail: <span style=\"text-decoration: underline;\"><a href=\"mailto:gravadora@msmetalpress.com\">gravadora@msmetalagencybrasil.com<\/a><\/span><\/p>\n<p style=\"text-align: center;\" align=\"center\"><span style=\"text-decoration: underline;\">SETOR JUR\u00cdDICO<\/span><\/p>\n<p>Tem como fun\u00e7\u00e3o orientar os clientes, em rela\u00e7\u00e3o aos seus dilemas jur\u00eddicos, com \u00eanfase para direitos autorias e registros de marcas. Estas s\u00e3o apenas duas das fun\u00e7\u00f5es do advogado corporativo. A \u00e1rea que alcan\u00e7ou o mesmo status do <em>marketing<\/em> e das finan\u00e7as nas empresas de grande porte no Brasil, se faz presente na <strong>MS Metal Agency Brasil<\/strong>, concedendo abertura ao advogado para participar do plano estrat\u00e9gico dos seus clientes e agregados.<\/p>\n<p>E-mail: <span style=\"text-decoration: underline;\"><a href=\"mailto:juridico@msmetalpress.com\">juridico@msmetalagencybrasil.com<\/a><\/span><\/p>\n<p style=\"text-align: center;\" align=\"center\"><span style=\"text-decoration: underline;\">SETOR DE DISTRIBUI\u00c7\u00c3O <\/span><\/p>\n<p>Equipe respons\u00e1vel pelo gerenciamento das atividades das distribuidoras agregadas \u00e0 <strong>MS Metal Agency<\/strong>, que atuam tanto em \u00e2mbito f\u00edsico quanto digital.<\/p>\n<p>E-mail: <span style=\"text-decoration: underline;\"><a href=\"mailto:distribuidora@msmetalpress.com\">distribuidora@msmetalagencybrasil.com<\/a><\/span><\/p>\n<p style=\"text-align: center;\" align=\"center\"><span style=\"text-decoration: underline;\">SETOR DE BOOKING <\/span><\/p>\n<p>Setor respons\u00e1vel pelo gerenciamento das atividades que englobam a formata\u00e7\u00e3o de turn\u00eas na Europa. Para todo e qualquer assunto ligado a shows no exterior, este \u00e9 um novo e mais din\u00e2mico canal de intera\u00e7\u00e3o da empresa com seu cliente.<\/p>\n<p>E-mail: <span style=\"text-decoration: underline;\"><a href=\"mailto:booking@msmetalpress.com\">booking@msmetalagencybrasil.com<\/a><\/span><\/p>\n<p style=\"text-align: center;\" align=\"center\"><span style=\"text-decoration: underline;\">SETOR DE PRODU\u00c7\u00c3O VISUAL <\/span><\/p>\n<p>Tenha agora contato direto com os designers da<strong> MS Metal Agency Brasil<\/strong> &#8211; Jo\u00e3o Duarte e Carlos Fides &#8211; para produ\u00e7\u00e3o de toda a linguagem visual do seu trabalho, por pre\u00e7os exclusivos para agregados da empresa.<\/p>\n<p>E-mail: <span style=\"text-decoration: underline;\"><a href=\"mailto:design@msmetalpress.com\">design@msmetalagencybrasil.com<\/a><\/span><\/p>\n<p style=\"text-align: center;\" align=\"center\"><span style=\"text-decoration: underline;\">SETOR FINANCEIRO<\/span><\/p>\n<p>Setor respons\u00e1vel para todo e qualquer assunto de ordem financeira.<\/p>\n<p>E-mail: <span style=\"text-decoration: underline;\"><a href=\"mailto:financeiro@msmetalpress.com\">financeiro@msmetalagencybrasil.com<\/a><\/span><\/p>\n<div id=\"boxG1\">\n<p style=\"text-align: center;\"><span style=\"text-decoration: underline;\">CONTATOS GERAIS<\/span><strong><br \/>\n<\/strong><\/p>\n<ul>\n<li>D\u00favidas e sugest\u00f5es: <span style=\"text-decoration: underline;\"><a href=\"mailto:contato@msmetalpress.com\">contato@msmetalagencybrasil.com<\/a><\/span><\/li>\n<li>Para receber as not\u00edcias dos nossos clientes, basta solicitar cadastro no e-mail: <span style=\"text-decoration: underline;\"><a href=\"mailto:news@msmetalpress.com\">news@msmetalagencybrasil.com<\/a><\/span><\/li>\n<\/ul>\n<\/div>\n<p>&nbsp;<\/p>\n","protected":false},"excerpt":{"rendered":"<p>Contato &nbsp; NOVA ORGANIZA\u00c7\u00c3O PARA UM MELHOR ATENDIMENTO A MS Metal Angency Brasil cresceu muito com o passar dos anos e, para uma melhor forma de organizar os seus trabalhos e servi\u00e7os oferecidos, segmentou os seus contatos, direcionando-os aos respectivos respons\u00e1veis, por cada um dos oito setores que comp\u00f5em a empresa atualmente. SETOR PESSOAL E [&hellip;]<\/p>\n","protected":false},"author":1,"featured_media":0,"parent":0,"menu_order":0,"comment_status":"open","ping_status":"open","template":"","meta":{"footnotes":""},"class_list":["post-34","page","type-page","status-publish","hentry"],"_links":{"self":[{"href":"https:\/\/www.msmetalagencybrasil.com\/ptbr\/wp-json\/wp\/v2\/pages\/34","targetHints":{"allow":["GET"]}}],"collection":[{"href":"https:\/\/www.msmetalagencybrasil.com\/ptbr\/wp-json\/wp\/v2\/pages"}],"about":[{"href":"https:\/\/www.msmetalagencybrasil.com\/ptbr\/wp-json\/wp\/v2\/types\/page"}],"author":[{"embeddable":true,"href":"https:\/\/www.msmetalagencybrasil.com\/ptbr\/wp-json\/wp\/v2\/users\/1"}],"replies":[{"embeddable":true,"href":"https:\/\/www.msmetalagencybrasil.com\/ptbr\/wp-json\/wp\/v2\/comments?post=34"}],"version-history":[{"count":83,"href":"https:\/\/www.msmetalagencybrasil.com\/ptbr\/wp-json\/wp\/v2\/pages\/34\/revisions"}],"predecessor-version":[{"id":52466,"href":"https:\/\/www.msmetalagencybrasil.com\/ptbr\/wp-json\/wp\/v2\/pages\/34\/revisions\/52466"}],"wp:attachment":[{"href":"https:\/\/www.msmetalagencybrasil.com\/ptbr\/wp-json\/wp\/v2\/media?parent=34"}],"curies":[{"name":"wp","href":"https:\/\/api.w.org\/{rel}","templated":true}]}}