{"id":41939,"date":"2020-03-17T01:50:28","date_gmt":"2020-03-17T01:50:28","guid":{"rendered":"https:\/\/www.msmetalagencybrasil.com\/ptbr\/?page_id=41939"},"modified":"2022-05-23T16:38:33","modified_gmt":"2022-05-23T16:38:33","slug":"gravadora","status":"publish","type":"page","link":"https:\/\/www.msmetalagencybrasil.com\/ptbr\/gravadora\/","title":{"rendered":"Gravadora"},"content":{"rendered":"<h1>Gravadora<\/h1>\n<p style=\"text-align: center;\"><img loading=\"lazy\" decoding=\"async\" class=\"size-full wp-image-551 alignnone\" title=\"logo vazado\" src=\"https:\/\/www.msmetalagencybrasil.com\/ptbr\/wp-content\/uploads\/2015\/01\/MS-Metal-Records.png\" alt=\"\" width=\"250\" height=\"171\" \/><\/p>\n<h2 align=\"center\"><span style=\"text-decoration: underline;\">MS METAL RECORDS (VERS\u00c3O EM PORTUGU\u00caS)<\/span><\/h2>\n<p>A\u00a0<strong>MS Metal Records<\/strong>\u00a0nasceu para agregar valor em suporte aos clientes da\u00a0<strong>MS Metal Press<\/strong>, empresa de assessoria de imprensa especializada em\u00a0<em>Rock<\/em>\u00a0e\u00a0<em>Heavy Metal<\/em>.<\/p>\n<p>O selo foi criado de forma pioneira no pa\u00eds, servindo como importante instrumento para garantir a sustentabilidade das marcas agregadas \u00e0 empresa. Nele, clientes que por ventura encontrem dificuldade em viabilizar seus respectivos trabalhos no mercado brasileiro, poder\u00e3o contar com as vantagens intr\u00ednsecas desse audacioso projeto.<\/p>\n<p>A\u00a0<strong>MS Metal Records<\/strong>\u00a0privilegiar\u00e1 os mais variados estilos dentro do\u00a0<em>Rock<\/em>\u00a0e\u00a0<em>Heavy Metal<\/em>, respeitando todos os segmentos como manifesta\u00e7\u00f5es art\u00edsticas independentes. Partindo desse princ\u00edpio, alguns dos representantes do\u00a0<em>Power Metal, Thrash Metal, Prog Metal<\/em>, dentre outros, caminhar\u00e3o juntos para contribu\u00edrem no nascimento de um cat\u00e1logo vasto que refletir\u00e1 o que existe de melhor no cen\u00e1rio<em>underground<\/em>\u00a0do pa\u00eds.<\/p>\n<p style=\"text-align: left;\" align=\"center\">\u00c9 importante salientar que a\u00a0<strong>MS Metal Records<\/strong>\u00a0est\u00e1 dispon\u00edvel apenas para os clientes da<strong>\u00a0MS Metal Press<\/strong>. Nesse sentido, visamos priorizar os clientes que confiaram seus projetos musicais aos cuidados da\u00a0<strong>MS Metal Press<\/strong>, mantendo tamb\u00e9m a caracter\u00edstica que justifica a cria\u00e7\u00e3o do selo:\u00a0<span style=\"text-decoration: underline;\">o de servir como mais um servi\u00e7o da empresa<\/span>.<\/p>\n<h2 align=\"center\"><span style=\"text-decoration: underline;\">MS METAL RECORDS (ENGLISH VERSION)<\/span><\/h2>\n<p>The\u00a0<strong>MS Metal Records<\/strong>\u00a0was founded to support the\u00a0<strong>MS Metal Press<\/strong>\u00a0client\u00b4s, that is a press advisement company specialized in\u00a0<em>Rock<\/em>\u00a0and <em>Heavy Metal<\/em>.<\/p>\n<p>The label was created as a new way to assure the stability of the brands joined to the company. The clients that could not promote their work successfully outside the country will be able to find all the advantages in this daring project.<\/p>\n<p>The\u00a0<strong>MS Metal Records<\/strong>\u00a0will work with several genres of\u00a0<em>Rock<\/em>\u00a0and\u00a0<em>Heavy Metal<\/em>\u00a0respecting all the styles as an independent artistic expression. As from this start, some of the representatives of\u00a0<em>Power Metal, Thrash Metal, Progressive Metal<\/em>, amongst others, will be working together to help to do a great catalog that will represent all the best bands of the underground scene in the country.<\/p>\n<p>It is important to say that\u00a0<strong>MS Metal Records<\/strong>\u00a0will attend just the\u00a0<strong>MS Metal Press<\/strong>\u00a0clients. At this way, we will be assisting the ones who has been working and trusting in the company, and we also justify the reason why the label was created:\u00a0<span style=\"text-decoration: underline;\">to offer as a company\u00b4s service.<\/span><\/p>\n<h2 style=\"text-align: center;\"><a href=\"\/ptbr\/ms-metal-records-lancamentos\/\">LAN\u00c7AMENTOS\/RELEASES<\/a>\u00a0|| <a href=\"\/ptbr\/ms-metal-records-proximos-lancamentos\/\">PR\u00d3XIMOS LAN\u00c7AMENTOS\/UPCOMING RELEASES<\/a><\/h2>\n<p>&nbsp;<\/p>\n<hr \/>\n<p>&nbsp;<\/p>\n<p style=\"text-align: center;\"><img loading=\"lazy\" decoding=\"async\" class=\"size-full wp-image-551 alignnone\" title=\"logo vazado\" src=\"https:\/\/www.msmetalagencybrasil.com\/ptbr\/wp-content\/uploads\/2015\/01\/Eternal-Hatred-Records1.png\" alt=\"\" width=\"250\" height=\"58\" \/><\/p>\n<h2 align=\"center\"><span style=\"text-decoration: underline;\">ETERNAL HATRED RECORDS (VERS\u00c3O EM PORTUGU\u00caS)<\/span><\/h2>\n<p>A\u00a0<strong>Eternal Hatred Records<\/strong>\u00a0nasceu para ser subsidi\u00e1ria da\u00a0<strong>MS Metal Records<\/strong>, servindo tamb\u00e9m como outro instrumento em suporte aos clientes da\u00a0<strong>MS Metal Press<\/strong>, empresa de assessoria de imprensa especializada em\u00a0<em>Rock<\/em>\u00a0e\u00a0<em>Heavy Metal<\/em>.<\/p>\n<p>O nome do selo foi extra\u00eddo de uma composi\u00e7\u00e3o do\u00a0<strong>Headhunter D.C.<\/strong>, um dos precursores do\u00a0<em>Death Metal<\/em>\u00a0no Brasil. Ele tem por objetivo garantir a sustentabilidade das marcas agregadas \u00e0 empresa, proveniente das bandas mais extremas do nosso\u00a0<em>cast<\/em>. Nele, clientes que por ventura encontrem dificuldade em viabilizar seus respectivos trabalhos no mercado brasileiro, poder\u00e3o contar com uma equipe especializada tratando diretamente sobre assuntos relacionados aos nossos lan\u00e7amentos.<\/p>\n<p>A\u00a0<strong>Eternal Hatred Records<\/strong>\u00a0privilegiar\u00e1 apenas grupos que possuem seus direcionamentos musicais voltados para o\u00a0<em>Death Metal, Black Metal<\/em>\u00a0e\u00a0<em>Doom Metal<\/em>, respeitando conceitos ideol\u00f3gicos pr\u00e9-estabelecidos.<\/p>\n<p>\u00c9 importante salientar que a\u00a0<strong>Eternal Hatred Records<\/strong>\u00a0est\u00e1 dispon\u00edvel apenas para os clientes da\u00a0<strong>MS Metal Press<\/strong>. Nesse sentido, visamos priorizar os clientes que confiaram seus projetos musicais aos cuidados da\u00a0<strong>MS Metal Press<\/strong>, mantendo tamb\u00e9m a caracter\u00edstica que justifica a cria\u00e7\u00e3o da subsidi\u00e1ria:\u00a0<span style=\"text-decoration: underline;\">o de servir como mais um servi\u00e7o da empresa<\/span>.<\/p>\n<h2 align=\"center\"><span style=\"text-decoration: underline;\">ETERNAL HATRED RECORDS (ENGLISH VERSION)<\/span><\/h2>\n<p>The<strong>\u00a0Eternal Hatred Records<\/strong>\u00a0was founded to be a part of\u00a0<strong>MS Metal Records<\/strong>\u00a0also serving as a tool to support the\u00a0<strong>MS Metal Press<\/strong>\u00a0clients, that is a press advisement company specialized in\u00a0<em>Rock<\/em>\u00a0and\u00a0<em>Heavy Metal<\/em>.<\/p>\n<p>The name was inspired in a\u00a0<strong>Headhunter D.C.<\/strong>\u00a0song, who is one of the pioneers of\u00a0<em>Death Metal<\/em>\u00a0in Brazil. Its main objective is to assure the stability of the brands joined to the company that come from the extreme bands of our cast. The clients that could not promote their work successfully throughout the country can trust on a specialized team trained to deal with all our releases.<\/p>\n<p>The\u00a0<strong>Eternal Hatred Records<\/strong>\u00a0will work just with the\u00a0<em>Death Metal, Black Metal<\/em>\u00a0and\u00a0<em>Doom Metal<\/em>\u00a0bands respecting the ideological pre-determined concepts.<\/p>\n<p>It is important to say that\u00a0<strong>Eternal Hatred Records<\/strong>\u00a0will attend just the\u00a0<strong>MS Metal Press<\/strong>\u00a0clients. At this way, we will be assisting the ones who has been working and trusting in the company, and we also justify the reason why the label was created:\u00a0<span style=\"text-decoration: underline;\">to offer as a company\u00b4s service<\/span>.<\/p>\n<p><span style=\"text-align: center;\">\u00a0<\/span><\/p>\n<h2 style=\"text-align: center;\"><a href=\"\/ptbr\/eternal-hatred-lancamentos\/\">LAN\u00c7AMENTOS\/RELEASES<\/a>\u00a0||\u00a0<a href=\"\/ptbr\/eternal-hatred-proximos-lancamentos\/\">PR\u00d3XIMOS LAN\u00c7AMENTOS\/UPCOMING RELEASES<\/a><\/h2>\n<p>&nbsp;<\/p>\n<hr \/>\n<p>&nbsp;<\/p>\n<p style=\"text-align: center;\"><img loading=\"lazy\" decoding=\"async\" class=\"aligncenter size-full wp-image-568\" title=\"Alternative Music - Logo PNG\" src=\"https:\/\/www.msmetalagencybrasil.com\/ptbr\/wp-content\/uploads\/2015\/01\/Alternative-Music.png\" alt=\"\" width=\"250\" height=\"124\" \/><\/p>\n<h2 align=\"center\"><span style=\"text-decoration: underline;\">ALTERNATIVE MUSIC RECORDS (VERS\u00c3O EM PORTUGU\u00caS)<\/span><\/h2>\n<p>A <strong>Alternative Music Records<\/strong>\u00a0nasceu para ser a segunda subsidi\u00e1ria da\u00a0<strong>MS Metal Records<\/strong>, servindo tamb\u00e9m como outro instrumento em suporte aos clientes da\u00a0<strong>MS Metal Press<\/strong>, empresa de assessoria de imprensa especializada em\u00a0<em>Rock<\/em>\u00a0e\u00a0<em>Heavy Metal<\/em>.<\/p>\n<p>Ele tem por objetivo garantir a sustentabilidade das marcas agregadas \u00e0 empresa, proveniente das bandas que n\u00e3o possuem seus respectivos direcionamentos musicais voltados para o Heavy Metal e suas vertentes. Nele, clientes que por ventura encontrem dificuldade em viabilizar seus respectivos trabalhos no mercado brasileiro, poder\u00e3o contar com uma equipe especializada tratando diretamente sobre assuntos relacionados aos nossos lan\u00e7amentos.<\/p>\n<p>A <strong>Alternative Music Records<\/strong>\u00a0privilegiar\u00e1 apenas grupos que possuem direcionamentos voltados para o <em>Rock, HardCore, Jazz, Fusion, <\/em>entre outros.<\/p>\n<p>\u00c9 importante salientar que a <strong>Alternative Music Records<\/strong>\u00a0est\u00e1 dispon\u00edvel apenas para os clientes da\u00a0<strong>MS Metal Press<\/strong>. Nesse sentido, visamos priorizar os clientes que confiaram seus projetos musicais aos cuidados da\u00a0<strong>MS Metal Press<\/strong>, mantendo tamb\u00e9m a caracter\u00edstica que justifica a cria\u00e7\u00e3o da subsidi\u00e1ria:\u00a0o de servir como mais um servi\u00e7o da empresa.<\/p>\n<h2 align=\"center\"><span style=\"text-decoration: underline;\">ALTERNATIVE MUSIC RECORDS (ENGLISH VERSION)<\/span><\/h2>\n<p>The<strong> Alternative Music Records<\/strong>\u00a0was founded to be a part of\u00a0<strong>MS Metal Records<\/strong>\u00a0also serving as a tool to support the\u00a0<strong>MS Metal Press<\/strong>\u00a0clients, that is a press advisement company specialized in\u00a0<em>Rock<\/em>\u00a0and\u00a0<em>Heavy Metal<\/em>.<\/p>\n<p>Its main objective is to assure the stability of the brands joined to the company that come from the alternative bands and solo artists of our cast. The clients that could not promote their work successfully throughout the country can trust on a specialized team trained to deal with all our releases.<\/p>\n<p>The <strong>Alternative Music Records<\/strong>\u00a0will work just with the <em>Rock, HardCore, Jazz, Fusion, <\/em>and many other styles<em>. <\/em><\/p>\n<p>It is important to say that <strong>Alternative Music Records<\/strong>\u00a0will attend just the\u00a0<strong>MS Metal Press<\/strong>\u00a0clients. At this way, we will be assisting the ones who has been working and trusting in the company, and we also justify the reason why the label was created:\u00a0to offer as a company\u00b4s service.<\/p>\n<h2 style=\"text-align: center;\"><a href=\"\/ptbr\/alternative-music-lancamentos\/\">LAN\u00c7AMENTOS\/RELEASES<\/a>\u00a0||\u00a0<a href=\"\/ptbr\/alternative-music-proximos-lancamentos\/\">PR\u00d3XIMOS LAN\u00c7AMENTOS\/UPCOMING RELEASES<\/a><\/h2>\n<p>Para mais informa\u00e7\u00f5es sobre o referido setor, basta acessar a <a href=\"\/contato\/\">se\u00e7\u00e3o de contatos<\/a> neste <em>site<\/em>.<\/p>\n","protected":false},"excerpt":{"rendered":"<p>Gravadora MS METAL RECORDS (VERS\u00c3O EM PORTUGU\u00caS) A\u00a0MS Metal Records\u00a0nasceu para agregar valor em suporte aos clientes da\u00a0MS Metal Press, empresa de assessoria de imprensa especializada em\u00a0Rock\u00a0e\u00a0Heavy Metal. O selo foi criado de forma pioneira no pa\u00eds, servindo como importante instrumento para garantir a sustentabilidade das marcas agregadas \u00e0 empresa. Nele, clientes que por ventura [&hellip;]<\/p>\n","protected":false},"author":1,"featured_media":0,"parent":0,"menu_order":0,"comment_status":"closed","ping_status":"closed","template":"","meta":{"footnotes":""},"class_list":["post-41939","page","type-page","status-publish","hentry"],"_links":{"self":[{"href":"https:\/\/www.msmetalagencybrasil.com\/ptbr\/wp-json\/wp\/v2\/pages\/41939","targetHints":{"allow":["GET"]}}],"collection":[{"href":"https:\/\/www.msmetalagencybrasil.com\/ptbr\/wp-json\/wp\/v2\/pages"}],"about":[{"href":"https:\/\/www.msmetalagencybrasil.com\/ptbr\/wp-json\/wp\/v2\/types\/page"}],"author":[{"embeddable":true,"href":"https:\/\/www.msmetalagencybrasil.com\/ptbr\/wp-json\/wp\/v2\/users\/1"}],"replies":[{"embeddable":true,"href":"https:\/\/www.msmetalagencybrasil.com\/ptbr\/wp-json\/wp\/v2\/comments?post=41939"}],"version-history":[{"count":8,"href":"https:\/\/www.msmetalagencybrasil.com\/ptbr\/wp-json\/wp\/v2\/pages\/41939\/revisions"}],"predecessor-version":[{"id":52549,"href":"https:\/\/www.msmetalagencybrasil.com\/ptbr\/wp-json\/wp\/v2\/pages\/41939\/revisions\/52549"}],"wp:attachment":[{"href":"https:\/\/www.msmetalagencybrasil.com\/ptbr\/wp-json\/wp\/v2\/media?parent=41939"}],"curies":[{"name":"wp","href":"https:\/\/api.w.org\/{rel}","templated":true}]}}